{"id":220,"date":"2022-06-28T13:22:55","date_gmt":"2022-06-28T11:22:55","guid":{"rendered":"https:\/\/www.ib-nierlich.com\/imprint\/"},"modified":"2025-12-04T23:55:00","modified_gmt":"2025-12-04T22:55:00","slug":"imprint","status":"publish","type":"page","link":"https:\/\/www.ib-nierlich.com\/en\/imprint\/","title":{"rendered":"Imprint"},"content":{"rendered":"<p>[et_pb_section fb_built=&#8221;1&#8243; _builder_version=&#8221;4.17.4&#8243; _module_preset=&#8221;default&#8221; global_colors_info=&#8221;{}&#8221;][et_pb_row _builder_version=&#8221;4.17.4&#8243; _module_preset=&#8221;default&#8221; global_colors_info=&#8221;{}&#8221;][et_pb_column type=&#8221;4_4&#8243; _builder_version=&#8221;4.17.4&#8243; _module_preset=&#8221;default&#8221; global_colors_info=&#8221;{}&#8221;][et_pb_text _builder_version=&#8221;4.17.4&#8243; _module_preset=&#8221;default&#8221; header_font_size=&#8221;36px&#8221; global_colors_info=&#8221;{}&#8221;]<\/p>\n<h1 style=\"text-align: center;\">Imprint<\/h1>\n<p style=\"text-align: center;\">www.ib-nierlich.com<\/p>\n<p>[\/et_pb_text][\/et_pb_column][\/et_pb_row][et_pb_row _builder_version=&#8221;4.17.4&#8243; _module_preset=&#8221;default&#8221; global_colors_info=&#8221;{}&#8221;][et_pb_column type=&#8221;4_4&#8243; _builder_version=&#8221;4.17.4&#8243; _module_preset=&#8221;default&#8221; global_colors_info=&#8221;{}&#8221;][et_pb_text _builder_version=&#8221;4.17.4&#8243; _module_preset=&#8221;default&#8221; global_colors_info=&#8221;{}&#8221;]<\/p>\n<p style=\"text-align: center;\"><strong>Responsible for the content:<\/strong><br \/>Ingenieurb\u00fcro Markus Nierlich UG (haftungsbeschr\u00e4nkt)<\/p>\n<p style=\"text-align: center;\"><strong>Address:<\/strong><br \/>Siebenbr\u00fcnnelstra\u00dfe 4 | D-86316 Friedberg<\/p>\n<p style=\"text-align: center;\"><strong>Contact:<br \/><\/strong><a href=\"mailto:office@ib-nierlich.com\">office@ib-nierlich.com<\/a><br \/>+43 676 504 45 99<\/p>\n<p style=\"text-align: center;\"><strong>Managing Director:<\/strong><br \/>Dipl. Ing. Markus Nierlich<\/p>\n<p style=\"text-align: center;\"><strong>Court in charge:<\/strong><br \/>Amtsgericht Augsburg<\/p>\n<p style=\"text-align: center;\"><strong>Commercial register:<\/strong><br \/>HRB 36471<\/p>\n<p style=\"text-align: center;\"><strong>VAT number:<\/strong><br \/>DE346288143<\/p>\n<p style=\"text-align: center;\"><strong>Realization \/ web design:<\/strong><br \/>Michael Schifflhuber<br \/>screenfire.at Webdesign &amp; Digital Marketing<\/p>\n<p>[\/et_pb_text][\/et_pb_column][\/et_pb_row][\/et_pb_section]<\/p>\n","protected":false},"excerpt":{"rendered":"<p>Imprint www.ib-nierlich.comResponsible for the content:Ingenieurb\u00fcro Markus Nierlich UG (haftungsbeschr\u00e4nkt) Address:Siebenbr\u00fcnnelstra\u00dfe 4 | D-86316 Friedberg Contact:office@ib-nierlich.com+43 676 504 45 99 Managing Director:Dipl. Ing. Markus Nierlich Court in charge:Amtsgericht Augsburg Commercial register:HRB 36471 VAT number:DE346288143 Realization \/ web design:Michael Schifflhuberscreenfire.at Webdesign &amp; Digital Marketing<\/p>\n","protected":false},"author":1,"featured_media":0,"parent":0,"menu_order":0,"comment_status":"closed","ping_status":"closed","template":"","meta":{"_et_pb_use_builder":"on","_et_pb_old_content":"","_et_gb_content_width":"","footnotes":""},"class_list":["post-220","page","type-page","status-publish","hentry"],"_links":{"self":[{"href":"https:\/\/www.ib-nierlich.com\/en\/wp-json\/wp\/v2\/pages\/220","targetHints":{"allow":["GET"]}}],"collection":[{"href":"https:\/\/www.ib-nierlich.com\/en\/wp-json\/wp\/v2\/pages"}],"about":[{"href":"https:\/\/www.ib-nierlich.com\/en\/wp-json\/wp\/v2\/types\/page"}],"author":[{"embeddable":true,"href":"https:\/\/www.ib-nierlich.com\/en\/wp-json\/wp\/v2\/users\/1"}],"replies":[{"embeddable":true,"href":"https:\/\/www.ib-nierlich.com\/en\/wp-json\/wp\/v2\/comments?post=220"}],"version-history":[{"count":5,"href":"https:\/\/www.ib-nierlich.com\/en\/wp-json\/wp\/v2\/pages\/220\/revisions"}],"predecessor-version":[{"id":268,"href":"https:\/\/www.ib-nierlich.com\/en\/wp-json\/wp\/v2\/pages\/220\/revisions\/268"}],"wp:attachment":[{"href":"https:\/\/www.ib-nierlich.com\/en\/wp-json\/wp\/v2\/media?parent=220"}],"curies":[{"name":"wp","href":"https:\/\/api.w.org\/{rel}","templated":true}]}}